{"id":6266,"date":"2025-12-25T11:02:44","date_gmt":"2025-12-25T04:02:44","guid":{"rendered":"https:\/\/tamanh.asia\/?post_type=product&#038;p=6266"},"modified":"2026-04-01T23:03:47","modified_gmt":"2026-04-01T16:03:47","slug":"cisco-3900","status":"publish","type":"product","link":"https:\/\/tamanh.asia\/?product=cisco-3900","title":{"rendered":"Switch CISCO C9300"},"content":{"rendered":"<p><img loading=\"lazy\" decoding=\"async\" class=\"alignnone size-full wp-image-6309\" src=\"http:\/\/tamanh.asia\/wp-content\/uploads\/2025\/12\/Cisco-C9300.webp\" alt=\"\" width=\"723\" height=\"252\" srcset=\"https:\/\/tamanh.asia\/wp-content\/uploads\/2025\/12\/Cisco-C9300.webp 723w, https:\/\/tamanh.asia\/wp-content\/uploads\/2025\/12\/Cisco-C9300-510x178.webp 510w\" sizes=\"auto, (max-width: 723px) 100vw, 723px\" \/><\/p>\n<h1>C9300-24U-A Switch Cisco 24 Ports UPOE 830W Network Advantage<\/h1>\n<div class=\"description\">\n<p>Switch Cisco C9300-24U-A Catalyst 9300 24 Ports 10\/100\/1000 UPOE 830W Network Advantage<\/p>\n<\/div>\n<div class=\"fk-main\">\u2713 M\u00e3 s\u1ea3n ph\u1ea9m:\u00a0C9300-24U-A<\/div>\n<div class=\"fk-main\">\u2713 T\u00ecnh tr\u1ea1ng:\u00a0<span class=\"isstock\">C\u00f2n H\u00e0ng<\/span><\/div>\n","protected":false},"excerpt":{"rendered":"<h1>C9300-24U-A Switch Cisco 24 Ports UPOE 830W Network Advantage<\/h1>\n<div class=\"description\">\n<p>Switch Cisco C9300-24U-A Catalyst 9300 24 Ports 10\/100\/1000 UPOE 830W Network Advantage<\/p>\n<\/div>\n<div class=\"fk-main\">\u2713 M\u00e3 s\u1ea3n ph\u1ea9m:\u00a0C9300-24U-A<\/div>\n<div class=\"fk-main\">\u2713 T\u00ecnh tr\u1ea1ng:\u00a0<span class=\"isstock\">C\u00f2n H\u00e0ng<\/span><\/div>\n<div><img loading=\"lazy\" decoding=\"async\" class=\"alignnone size-full wp-image-6309\" src=\"http:\/\/tamanh.asia\/wp-content\/uploads\/2025\/12\/Cisco-C9300.webp\" alt=\"\" width=\"723\" height=\"252\" srcset=\"https:\/\/tamanh.asia\/wp-content\/uploads\/2025\/12\/Cisco-C9300.webp 723w, https:\/\/tamanh.asia\/wp-content\/uploads\/2025\/12\/Cisco-C9300-510x178.webp 510w\" sizes=\"auto, (max-width: 723px) 100vw, 723px\" \/><\/div>\n<div>\n<h2><strong>C\u00e1c t\u00ednh n\u0103ng n\u1ed5i b\u1eadt c\u1ee7a\u00a0Switch\u00a0Cisco\u00a0C9300-24U-A<\/strong><\/h2>\n<ul>\n<li>H\u1ed7 tr\u1ee3 c\u00e1c chu\u1ea9n Wireless m\u1edbi nh\u1ea5t hi\u1ec7n n\u00e0y (802.11ac Wave2)<\/li>\n<li>H\u1ed7 tr\u1ee3 c\u00f4ng ngh\u1ec7 UADP 2.0 Application-Specific Integrated Circuit (ASIC), ph\u00e2n b\u1ed5 c\u1ea5u h\u00ecnh chuy\u1ec3n ti\u1ebfp Layer 2 v\u00e0 Layer 3,\u00a0Access Control Lists (ACLs) v\u00e0 Quality of Service (QoS)<\/li>\n<li>S\u1eed d\u1ee5ng ki\u1ebfn tr\u00fac CPU x86\u00a0 v\u1edbi 8Gb RAM, 16 GB Flash v\u00e0 c\u00e1c c\u1ed5ng USB 3.0<\/li>\n<li>Khe c\u1eafm USB 2.0 \u0111\u1ec3 t\u1ea3i\u00a0file IOS\u00a0v\u00e0 c\u00e1c file c\u1ea5u h\u00ecnh h\u1ec7 th\u1ed1ng.<\/li>\n<li>Stackable v\u1edbi Bandwidth l\u00ean t\u1edbi 480Gbps<\/li>\n<li>C\u00e1c c\u1ed5ng Uplink l\u00ean t\u1edbi\u00a01G, Multigigabit, 10G v\u00e0 40G, v\u1edbi s\u1ef1 s\u1eb5n s\u00e0ng n\u1ec1n t\u1ea3ng cho 25G<\/li>\n<li>Qu\u1ea3n l\u00fd n\u0103ng l\u01b0\u1ee3ng th\u00f4ng minh v\u1edbi c\u00f4ng ngh\u1ec7 Cisco StackPower, cung c\u1ea5p n\u0103ng l\u01b0\u1ee3ng gi\u1eefa c\u00e1c\u00a0stack member nh\u01b0 1 ngu\u1ed3n d\u1ef1 ph\u00f2ng<\/li>\n<li>T\u1ed1c \u0111\u1ed9 \u0111\u01b0\u1eddng truy\u1ec1n, ph\u1ea7n m\u1ec1m FlexField NetFlow (FNF) d\u1ef1a tr\u00ean ph\u1ea7n c\u1ee9ng, cung c\u1ea5p l\u01b0u l\u01b0\u1ee3ng t\u1edbi 64.000 lu\u1ed3ng<\/li>\n<li>H\u1ed7 tr\u1ee3 c\u00f4ng ngh\u1ec7 IPv6, t\u1ef1 \u0111\u1ed9ng chuy\u1ec3n \u0111\u1ed5i gi\u1eefa c\u00e1c b\u1ea3ng chuy\u1ec3n m\u1ea1ch IPv4 v\u00e0 IPv6, cho ph\u00e9p d\u1ec5 d\u00e0ng chuy\u1ec3n \u0111\u1ed5i t\u1eeb IPv4 sang IPv6 v\u00e0 ng\u01b0\u1ee3c l\u1ea1i.<\/li>\n<li>S\u1eed d\u1ee5ng h\u1ec7 \u0111i\u1ec1u h\u00e0nh Cisco IOS XE, m\u1ed9t h\u1ec7 \u0111i\u1ec1u h\u00e0nh hi\u1ec7n \u0111\u1ea1i cho doanh nghi\u1ec7p v\u1edbi s\u1ef1 h\u1ed7 tr\u1ee3 l\u1eadp tr\u00ecnh d\u1ef1a tr\u00ean m\u00f4 h\u00ecnh bao g\u1ed3m NETCONF, RESTCONF, YANG,\u00a0Python,\u00a0truy\u1ec1n t\u1ea3i t\u1eeb xa, l\u01b0u tr\u1eef \u1ee9ng d\u1ee5ng d\u1ef1a tr\u00ean v\u00f9ng l\u01b0u tr\u1eef v\u00e0 v\u00e1 l\u1ed7i cho c\u00e1c b\u1ea3n s\u1eeda l\u1ed7i. H\u1ec7 \u0111i\u1ec1u h\u00e0nh c\u0169ng c\u00f3 s\u1eb5n c\u00e1c t\u00ednh n\u0103ng\u00a0Secury\u00a0\u0111\u1ec3 b\u1ea3o v\u1ec7 ch\u1ed1ng l\u1ea1i c\u00e1c cu\u1ed9c t\u1ea5n c\u00f4ng\u00a0m\u1ea1ng<\/li>\n<li>SD-Access (Software-Defined Access): s\u1eed d\u1ee5ng Ki\u1ebfn tr\u00fac doanh nghi\u1ec7p h\u00e0ng \u0111\u1ea7u c\u1ee7a Cisco.<\/li>\n<li>Plug and Play (PnP): \u0111\u01a1n gi\u1ea3n h\u00f3a, an to\u00e0n, h\u1ee3p nh\u1ea5t v\u00e0 t\u00edch h\u1ee3p \u0111\u1ec3 d\u1ec5 d\u00e0ng tri\u1ec3n khai c\u00e1c thi\u1ebft b\u1ecb nh\u00e1nh ho\u1eb7c c\u01a1 s\u1edf m\u1edbi ho\u1eb7c\u00a0m\u1edf r\u1ed9ng h\u1ec7 th\u1ed1ng m\u1ea1ng hi\u1ec7n t\u1ea1i.<\/li>\n<li>B\u1ea3o m\u1eadt n\u00e2ng cao\n<ul>\n<li>Encrypted Traffic Analytics (ETA):\u00a0c\u00f4ng ngh\u1ec7 machine Learning\u00a0\u0111\u1ec3 x\u00e1c \u0111\u1ecbnh v\u00e0 h\u00e0nh \u0111\u1ed9ng \u0111\u1ed1i v\u1edbi c\u00e1c m\u1ed1i \u0111e d\u1ecda ho\u1eb7c d\u1ecb th\u01b0\u1eddng trong m\u1ea1ng c\u1ee7a b\u1ea1n, bao g\u1ed3m ph\u00e1t hi\u1ec7n ph\u1ea7n m\u1ec1m \u0111\u1ed9c h\u1ea1i trong l\u01b0u l\u01b0\u1ee3ng \u0111\u01b0\u1ee3c m\u00e3 h\u00f3a (kh\u00f4ng c\u00f3 gi\u1ea3i m\u00e3) v\u00e0 ph\u00e1t hi\u1ec7n d\u1ecb th\u01b0\u1eddng ph\u00e2n t\u00e1n<\/li>\n<li>H\u1ed7 tr\u1ee3 AES-256 v\u1edbi thu\u1eadt to\u00e1n m\u00e3 h\u00f3a MACsec 256-bit m\u1ea1nh m\u1ebd.<\/li>\n<li>C\u00e1c h\u1ec7 th\u1ed1ng \u0111\u00e1ng tin c\u1eady: Ph\u1ea7n c\u1ee9ng\u00a0h\u1ed7 tr\u1ee3\u00a0 Secure Boot v\u00e0 nh\u1eadn d\u1ea1ng thi\u1ebft b\u1ecb \u0111\u1ed9c nh\u1ea5t (SUDI) cho Plug and Play, \u0111\u1ec3 x\u00e1c minh nh\u1eadn d\u1ea1ng c\u1ee7a ph\u1ea7n c\u1ee9ng v\u00e0 ph\u1ea7n m\u1ec1m<\/li>\n<\/ul>\n<\/li>\n<\/ul>\n<h2><strong>Th\u00f4ng s\u1ed1 k\u1ef9 thu\u1eadt\u00a0Switch\u00a0Cisco\u00a0C9300-24U-A<\/strong><\/h2>\n<table border=\"1\" width=\"100%\" cellspacing=\"0\" cellpadding=\"0\">\n<thead>\n<tr align=\"left\" valign=\"top\">\n<td>\n<p class=\"pChart_headCMT\"><strong>Description<\/strong><\/p>\n<\/td>\n<td>\n<p class=\"pChart_headCMT\"><strong>Performance<\/strong><\/p>\n<\/td>\n<\/tr>\n<\/thead>\n<tbody>\n<tr align=\"left\" valign=\"top\">\n<td>\n<p class=\"pChart_subheadCMT\">Switching capacity<\/p>\n<\/td>\n<td>\n<p class=\"pChart_bodyCMT\">208 Gbps<\/p>\n<\/td>\n<\/tr>\n<tr align=\"left\" valign=\"top\">\n<td>\n<p class=\"pChart_subheadCMT\">Stacking bandwidth<\/p>\n<\/td>\n<td>\n<p class=\"pChart_bodyCMT\">480 Gbps<\/p>\n<\/td>\n<\/tr>\n<tr align=\"left\" valign=\"top\">\n<td>\n<p class=\"pChart_subheadCMT\">Total number of MAC addresses<\/p>\n<\/td>\n<td>\n<p class=\"pChart_bodyCMT\">32,000<\/p>\n<\/td>\n<\/tr>\n<tr align=\"left\" valign=\"top\">\n<td>\n<p class=\"pChart_subheadCMT\">Total number of IPv4 routes (ARP plus learned routes)<\/p>\n<\/td>\n<td>\n<p class=\"pChart_bodyCMT\">32,000 (24,000 direct routes and 8000 indirect routes)<\/p>\n<\/td>\n<\/tr>\n<tr align=\"left\" valign=\"top\">\n<td>\n<p class=\"pChart_subheadCMT\">IPv4 routing entries<\/p>\n<\/td>\n<td>\n<p class=\"pChart_bodyCMT\">32,000<\/p>\n<\/td>\n<\/tr>\n<tr align=\"left\" valign=\"top\">\n<td>\n<p class=\"pChart_subheadCMT\">IPv6 routing entries<\/p>\n<\/td>\n<td>\n<p class=\"pChart_bodyCMT\">16,000<\/p>\n<\/td>\n<\/tr>\n<tr align=\"left\" valign=\"top\">\n<td>\n<p class=\"pChart_subheadCMT\">Multicast routing scale<\/p>\n<\/td>\n<td>\n<p class=\"pChart_bodyCMT\">8000<\/p>\n<\/td>\n<\/tr>\n<tr align=\"left\" valign=\"top\">\n<td>\n<p class=\"pChart_subheadCMT\">QoS scale entries<\/p>\n<\/td>\n<td>\n<p class=\"pChart_bodyCMT\">5120<\/p>\n<\/td>\n<\/tr>\n<tr align=\"left\" valign=\"top\">\n<td>\n<p class=\"pChart_subheadCMT\">ACL scale entries<\/p>\n<\/td>\n<td>\n<p class=\"pChart_bodyCMT\">5120<\/p>\n<\/td>\n<\/tr>\n<tr align=\"left\" valign=\"top\">\n<td>\n<p class=\"pChart_subheadCMT\">Packet buffer per SKU<\/p>\n<\/td>\n<td>\n<p class=\"pChart_bodyCMT\">16 MB buffer<\/p>\n<\/td>\n<\/tr>\n<tr align=\"left\" valign=\"top\">\n<td>\n<p class=\"pChart_subheadCMT\">FNF entries<\/p>\n<\/td>\n<td>\n<p class=\"pChart_bodyCMT\">64,000 flow<\/p>\n<\/td>\n<\/tr>\n<tr align=\"left\" valign=\"top\">\n<td>\n<p class=\"pChart_subheadCMT\">DRAM<\/p>\n<\/td>\n<td>\n<p class=\"pChart_bodyCMT\">8 GB<\/p>\n<\/td>\n<\/tr>\n<tr align=\"left\" valign=\"top\">\n<td>\n<p class=\"pChart_subheadCMT\">Flash<\/p>\n<\/td>\n<td>\n<p class=\"pChart_bodyCMT\">16 GB<\/p>\n<\/td>\n<\/tr>\n<tr align=\"left\" valign=\"top\">\n<td>\n<p class=\"pChart_subheadCMT\">VLAN IDs<\/p>\n<\/td>\n<td>\n<p class=\"pChart_bodyCMT\">4094<\/p>\n<\/td>\n<\/tr>\n<tr align=\"left\" valign=\"top\">\n<td>\n<p class=\"pChart_subheadCMT\">Total Switched Virtual Interfaces (SVIs)<\/p>\n<\/td>\n<td>\n<p class=\"pChart_bodyCMT\">1000<\/p>\n<\/td>\n<\/tr>\n<tr align=\"left\" valign=\"top\">\n<td>\n<p class=\"pChart_subheadCMT\">Jumbo frames<\/p>\n<\/td>\n<td>\n<p class=\"pChart_bodyCMT\">9198 bytes<\/p>\n<\/td>\n<\/tr>\n<tr align=\"left\" valign=\"top\">\n<td>\n<p class=\"pChart_subheadCMT\">Total routed ports per 9300 Series stack<\/p>\n<\/td>\n<td>\n<p class=\"pChart_bodyCMT\">448<\/p>\n<\/td>\n<\/tr>\n<tr align=\"left\" valign=\"top\">\n<td colspan=\"2\">\n<p class=\"pChart_subheadCMT\"><strong>Wireless<\/strong><\/p>\n<\/td>\n<\/tr>\n<tr align=\"left\" valign=\"top\">\n<td>\n<p class=\"pChart_subheadCMT\">Wireless bandwidth per switch<\/p>\n<\/td>\n<td>\n<p class=\"pChart_bodyCMT\">Up to 48 Gbps<\/p>\n<\/td>\n<\/tr>\n<tr align=\"left\" valign=\"top\">\n<td>\n<p class=\"pChart_subheadCMT\">Forwarding rate<\/p>\n<\/td>\n<td>\n<p class=\"pChart_bodyCMT\">154.76 Mpps<\/p>\n<\/td>\n<\/tr>\n<tr align=\"left\" valign=\"top\">\n<td colspan=\"2\">\n<p class=\"pTableCaptionCMT\"><strong>Dimensions, Weight, and Mean Time Between Failures Metrics<\/strong><\/p>\n<\/td>\n<\/tr>\n<tr align=\"left\" valign=\"top\">\n<td>\n<p class=\"pChart_subheadCMT\">Dimensions (H x W x D)<\/p>\n<\/td>\n<td>\n<p class=\"pChart_bodyCMT\">1.73 x 17.5 x 19.2\u00a0inch \/ 4.4 x 44.5 x 48.8\u00a0cm<\/p>\n<\/td>\n<\/tr>\n<tr align=\"left\" valign=\"top\">\n<td>\n<p class=\"pChart_subheadCMT\">Weight<\/p>\n<\/td>\n<td>\n<p class=\"pChart_bodyCMT\">16.63 Pounds \/ 7.54 Kilograms<\/p>\n<\/td>\n<\/tr>\n<tr align=\"left\" valign=\"top\">\n<td>\n<p class=\"pChart_subheadCMT\">Mean time between failures (hours)<\/p>\n<\/td>\n<td>\n<p class=\"pChart_bodyCMT\">238,410<\/p>\n<\/td>\n<\/tr>\n<tr align=\"left\" valign=\"top\">\n<td colspan=\"2\"><strong>Power Supply<\/strong><\/td>\n<\/tr>\n<tr align=\"left\" valign=\"top\">\n<td>\n<p class=\"pChart_subheadCMT\">Default AC power supply<\/p>\n<\/td>\n<td>\n<p class=\"pChart_bodyCMT\">1100W AC<\/p>\n<\/td>\n<\/tr>\n<tr align=\"left\" valign=\"top\">\n<td>\n<p class=\"pChart_subheadCMT\">Available PoE power<\/p>\n<\/td>\n<td>\n<p class=\"pChart_bodyCMT\">830W<\/p>\n<\/td>\n<\/tr>\n<tr align=\"left\" valign=\"top\">\n<td>\n<p class=\"pChart_subheadCMT\">Cisco StackPower<\/p>\n<\/td>\n<td>\n<p class=\"pChart_bodyCMT\">Yes<\/p>\n<\/td>\n<\/tr>\n<tr align=\"left\" valign=\"top\">\n<td colspan=\"2\">\n<p class=\"pChart_subheadCMT\"><strong>Safety and Compliance Information<\/strong><\/p>\n<\/td>\n<\/tr>\n<tr align=\"left\" valign=\"top\">\n<td>Safety certifications<\/td>\n<td>\n<div class=\"pCellBulletCMT\">&#8211;\u00a0\u00a0UL 60950-1<\/div>\n<div class=\"pCellBulletCMT\">&#8211;\u00a0\u00a0CAN\/CSA-C222.2 No. 60950-1<\/div>\n<div class=\"pCellBulletCMT\">&#8211;\u00a0\u00a0EN 60950-1<\/div>\n<div class=\"pCellBulletCMT\">&#8211;\u00a0\u00a0IEC 60950-1<\/div>\n<div class=\"pCellBulletCMT\">&#8211;\u00a0\u00a0AS\/NZS 60950.1<\/div>\n<div class=\"pCellBulletCMT\">&#8211;\u00a0\u00a0IEEE 802.3<\/div>\n<\/td>\n<\/tr>\n<tr align=\"left\" valign=\"top\">\n<td>Electromagnetic emissions certifications<\/td>\n<td>\n<div class=\"pCellBulletCMT\">&#8211;\u00a0\u00a047 CFR Part 15<\/div>\n<div class=\"pCellBulletCMT\">&#8211;\u00a0\u00a0CISPR22 Class A<\/div>\n<div class=\"pCellBulletCMT\">&#8211;\u00a0\u00a0EN 300 386 V1.6.1<\/div>\n<div class=\"pCellBulletCMT\">&#8211;\u00a0\u00a0EN 55022 Class A<\/div>\n<div class=\"pCellBulletCMT\">&#8211;\u00a0\u00a0EN 55032 Class A<\/div>\n<div class=\"pCellBulletCMT\">&#8211;\u00a0\u00a0CISPR 32 Class A<\/div>\n<div class=\"pCellBulletCMT\">&#8211;\u00a0\u00a0EN61000-3-2<\/div>\n<div class=\"pCellBulletCMT\">&#8211;\u00a0\u00a0EN61000-3-3<\/div>\n<div class=\"pCellBulletCMT\">&#8211;\u00a0\u00a0ICES-003 Class A<\/div>\n<div class=\"pCellBulletCMT\">&#8211;\u00a0\u00a0TCVN 7189 Class A<\/div>\n<div class=\"pCellBulletCMT\">&#8211;\u00a0\u00a0V-3 Class A<\/div>\n<div class=\"pCellBulletCMT\">&#8211;\u00a0\u00a0CISPR24<\/div>\n<div class=\"pCellBulletCMT\">&#8211;\u00a0\u00a0EN 300 386<\/div>\n<div class=\"pCellBulletCMT\">&#8211;\u00a0\u00a0EN55024<\/div>\n<div class=\"pCellBulletCMT\">&#8211;\u00a0\u00a0TCVN 7317<\/div>\n<div class=\"pCellBulletCMT\">\n<div class=\"pCellBulletCMT\">&#8211;\u00a0 V-2\/2015.04<\/div>\n<div class=\"pCellBulletCMT\">&#8211;\u00a0\u00a0V-3\/2015.04<\/div>\n<div class=\"pCellBulletCMT\">&#8211;\u00a0\u00a0CNS13438<\/div>\n<div class=\"pCellBulletCMT\">&#8211;\u00a0\u00a0KN32<\/div>\n<div class=\"pCellBulletCMT\">&#8211;\u00a0\u00a0KN35<\/div>\n<div class=\"pCellBulletCMT\">Additional Certifications for C9300L SKUs:<\/div>\n<div class=\"pCellBulletCMT\">&#8211;\u00a0\u00a0QCVN 118:2018\/BTTTT<\/div>\n<div class=\"pCellBulletCMT\">&#8211;\u00a0\u00a0VCCI-CISPR 32 Class A<\/div>\n<\/div>\n<\/td>\n<\/tr>\n<tr align=\"left\" valign=\"top\">\n<td>Environmental<\/td>\n<td>Reduction of Hazardous Substances (ROHS) 5<\/td>\n<\/tr>\n<\/tbody>\n<\/table>\n<\/div>\n","protected":false},"featured_media":6309,"comment_status":"open","ping_status":"closed","template":"","meta":{"_acf_changed":false},"product_cat":[312,315],"product_tag":[],"class_list":{"0":"post-6266","1":"product","2":"type-product","3":"status-publish","4":"has-post-thumbnail","6":"product_cat-cisco","7":"product_cat-dell","9":"first","10":"instock","11":"shipping-taxable","12":"product-type-simple","13":"add-to-wishlist-after_add_to_cart"},"acf":[],"_links":{"self":[{"href":"https:\/\/tamanh.asia\/index.php?rest_route=\/wp\/v2\/product\/6266","targetHints":{"allow":["GET"]}}],"collection":[{"href":"https:\/\/tamanh.asia\/index.php?rest_route=\/wp\/v2\/product"}],"about":[{"href":"https:\/\/tamanh.asia\/index.php?rest_route=\/wp\/v2\/types\/product"}],"replies":[{"embeddable":true,"href":"https:\/\/tamanh.asia\/index.php?rest_route=%2Fwp%2Fv2%2Fcomments&post=6266"}],"wp:featuredmedia":[{"embeddable":true,"href":"https:\/\/tamanh.asia\/index.php?rest_route=\/wp\/v2\/media\/6309"}],"wp:attachment":[{"href":"https:\/\/tamanh.asia\/index.php?rest_route=%2Fwp%2Fv2%2Fmedia&parent=6266"}],"wp:term":[{"taxonomy":"product_cat","embeddable":true,"href":"https:\/\/tamanh.asia\/index.php?rest_route=%2Fwp%2Fv2%2Fproduct_cat&post=6266"},{"taxonomy":"product_tag","embeddable":true,"href":"https:\/\/tamanh.asia\/index.php?rest_route=%2Fwp%2Fv2%2Fproduct_tag&post=6266"}],"curies":[{"name":"wp","href":"https:\/\/api.w.org\/{rel}","templated":true}]}}