{"id":6023,"date":"2024-12-18T14:54:08","date_gmt":"2024-12-18T07:54:08","guid":{"rendered":"https:\/\/thuongphamduong.vn\/?page_id=6023"},"modified":"2026-01-13T15:27:47","modified_gmt":"2026-01-13T08:27:47","slug":"lien-he","status":"publish","type":"page","link":"https:\/\/tamanh.asia\/?page_id=6023","title":{"rendered":"LI\u00caN H\u1ec6"},"content":{"rendered":"  <div id=\"page-header-63829722\" class=\"page-header-wrapper\">\n  <div class=\"page-title page-contact light featured-title\">\n\n    \n    <div class=\"page-title-inner container align-center text-center flex-row-col medium-flex-wrap\" >\n              <div class=\"title-wrapper flex-col\">\n          <h1 class=\"entry-title mb-0\">\n            LI\u00caN H\u1ec6          <\/h1>\n        <\/div>\n                    <div class=\"title-content flex-col\">\n        <div class=\"title-breadcrumbs pb-half pt-half\"><nav class=\"woocommerce-breadcrumb breadcrumbs uppercase\">Trang ch\u1ee7<\/nav><\/div>      <\/div>\n    <\/div>\n\n       <\/div>\n    <\/div>\n  \n\n<div class=\"row\"  id=\"row-1092222705\">\n\n\n\t<div id=\"col-809815461\" class=\"col small-12 large-12\"  >\n\t\t\t\t<div class=\"col-inner\"  >\n\t\t\t\n\t\t\t\n\n<p>C\u1ea3m \u01a1n qu\u00fd kh\u00e1ch \u0111\u00e3 l\u1ef1a ch\u1ecdn d\u1ecbch v\u1ee5 c\u1ee7a tamanh.asia, hy v\u1ecdng qu\u00fd kh\u00e1ch h\u00e0i l\u00f2ng v\u1edbi tr\u1ea3i nghi\u1ec7m mua s\u1eafm v\u00e0 c\u00e1c s\u1ea3n ph\u1ea9m \u0111\u00e3 l\u1ef1a ch\u1ecdn. T\u1ea1i \u0111\u00e2y, ch\u00fang t\u00f4i s\u1ebd gi\u1ea3i \u0111\u00e1p c\u00e1c th\u1eafc m\u1eafc m\u00e0 qu\u00fd kh\u00e1ch h\u00e0ng \u0111ang g\u1eb7p ph\u1ea3i.<\/p>\n<ul class=\"wp-block-list\">\n<li><strong>S\u1ed1 20 ng\u00e1ch 299\/2 \u0111\u01b0\u1eddng Ho\u00e0ng Mai, Ph\u01b0\u1eddng Ho\u00e0ng V\u0103n Th\u1ee5, Qu\u1eadn Ho\u00e0ng Mai, Th\u00e0nh ph\u1ed1 H\u00e0 N\u1ed9i, Vi\u1ec7t Nam<\/strong><\/li>\n<li><strong><a class=\"tooltip tooltipstered\" href=\"tel:0813570368\">0813570368<\/a><\/strong><\/li>\n<li><strong>Th\u1ee9 2 \u0111\u1ebfn Th\u1ee9 6 t\u1eeb 8h \u0111\u1ebfn 21h; Th\u1ee9 7 v\u00e0 Ch\u1ee7 nh\u1eadt t\u1eeb 8h00 \u0111\u1ebfn 21h00<\/strong><\/li>\n<\/ul>\n\n\t\t<\/div>\n\t\t\t\t\t<\/div>\n\n\t\n\n\t<div id=\"col-154350411\" class=\"col small-12 large-12\"  >\n\t\t\t\t<div class=\"col-inner\"  >\n\t\t\t\n\t\t\t\n\n<p><iframe src=\"https:\/\/www.google.com\/maps\/embed?pb=!1m18!1m12!1m3!1d3725.139292178911!2d105.85742026015873!3d20.9870528316948!2m3!1f0!2f0!3f0!3m2!1i1024!2i768!4f13.1!3m3!1m2!1s0x3135ac16ed6e6491%3A0x64ebcd3ab0b1bfe4!2zMjAgxJAuIEhvw6BuZyBNYWksIEhvw6BuZyBWxINuIFRo4bulLCBIb8OgbmcgTWFpLCBIw6AgTuG7mWksIFZp4buHdCBOYW0!5e0!3m2!1svi!2s!4v1766393898326!5m2!1svi!2s\" width=\"2000\" height=\"300\" style=\"border:0;\" allowfullscreen=\"\" loading=\"lazy\" referrerpolicy=\"no-referrer-when-downgrade\"><\/iframe><\/p>\n\n\t\t<\/div>\n\t\t\t\t\t<\/div>\n\n\t\n\n<\/div>\n\n<div class=\"wpcf7 no-js\" id=\"wpcf7-f6025-o1\" lang=\"vi\" dir=\"ltr\" data-wpcf7-id=\"6025\">\n<div class=\"screen-reader-response\"><p role=\"status\" aria-live=\"polite\" aria-atomic=\"true\"><\/p> <ul><\/ul><\/div>\n<form action=\"\/index.php?rest_route=%2Fwp%2Fv2%2Fpages%2F6023#wpcf7-f6025-o1\" method=\"post\" class=\"wpcf7-form init\" aria-label=\"Form li\u00ean h\u1ec7\" novalidate=\"novalidate\" data-status=\"init\">\n<fieldset class=\"hidden-fields-container\"><input type=\"hidden\" name=\"_wpcf7\" value=\"6025\" \/><input type=\"hidden\" name=\"_wpcf7_version\" value=\"6.1.4\" \/><input type=\"hidden\" name=\"_wpcf7_locale\" value=\"vi\" \/><input type=\"hidden\" name=\"_wpcf7_unit_tag\" value=\"wpcf7-f6025-o1\" \/><input type=\"hidden\" name=\"_wpcf7_container_post\" value=\"0\" \/><input type=\"hidden\" name=\"_wpcf7_posted_data_hash\" value=\"\" \/>\n<\/fieldset>\n<p><label> T\u00ean c\u1ee7a b\u1ea1n<br \/>\n<span class=\"wpcf7-form-control-wrap\" data-name=\"your-name\"><input size=\"40\" maxlength=\"400\" class=\"wpcf7-form-control wpcf7-text wpcf7-validates-as-required\" autocomplete=\"name\" aria-required=\"true\" aria-invalid=\"false\" value=\"\" type=\"text\" name=\"your-name\" \/><\/span> <\/label>\n<\/p>\n<p><label> Email c\u1ee7a b\u1ea1n<br \/>\n<span class=\"wpcf7-form-control-wrap\" data-name=\"your-email\"><input size=\"40\" maxlength=\"400\" class=\"wpcf7-form-control wpcf7-email wpcf7-validates-as-required wpcf7-text wpcf7-validates-as-email\" autocomplete=\"email\" aria-required=\"true\" aria-invalid=\"false\" value=\"\" type=\"email\" name=\"your-email\" \/><\/span> <\/label>\n<\/p>\n<p><label> Ti\u00eau \u0111\u1ec1:<br \/>\n<span class=\"wpcf7-form-control-wrap\" data-name=\"your-subject\"><input size=\"40\" maxlength=\"400\" class=\"wpcf7-form-control wpcf7-text wpcf7-validates-as-required\" aria-required=\"true\" aria-invalid=\"false\" value=\"\" type=\"text\" name=\"your-subject\" \/><\/span> <\/label>\n<\/p>\n<p><label> Tin nh\u1eafn c\u1ee7a b\u1ea1n (kh\u00f4ng b\u1eaft bu\u1ed9c)<br \/>\n<span class=\"wpcf7-form-control-wrap\" data-name=\"your-message\"><textarea cols=\"40\" rows=\"10\" maxlength=\"2000\" class=\"wpcf7-form-control wpcf7-textarea\" aria-invalid=\"false\" name=\"your-message\"><\/textarea><\/span> <\/label>\n<\/p>\n<p><input class=\"wpcf7-form-control wpcf7-submit has-spinner\" type=\"submit\" value=\"G\u1eedi\" \/>\n<\/p><div class=\"wpcf7-response-output\" aria-hidden=\"true\"><\/div>\n<\/form>\n<\/div>\n","protected":false},"excerpt":{"rendered":"LI\u00caN H\u1ec6 Trang ch\u1ee7 C\u1ea3m \u01a1n qu\u00fd kh\u00e1ch \u0111\u00e3 l\u1ef1a ch\u1ecdn d\u1ecbch v\u1ee5 c\u1ee7a tamanh.asia, hy v\u1ecdng qu\u00fd kh\u00e1ch h\u00e0i l\u00f2ng v\u1edbi tr\u1ea3i nghi\u1ec7m mua s\u1eafm v\u00e0 c\u00e1c s\u1ea3n ph\u1ea9m \u0111\u00e3 l\u1ef1a ch\u1ecdn. T\u1ea1i \u0111\u00e2y, ch\u00fang t\u00f4i s\u1ebd gi\u1ea3i \u0111\u00e1p c\u00e1c th\u1eafc m\u1eafc m\u00e0 qu\u00fd kh\u00e1ch h\u00e0ng \u0111ang g\u1eb7p ph\u1ea3i. S\u1ed1 20 ng\u00e1ch 299\/2 \u0111\u01b0\u1eddng....","protected":false},"author":1,"featured_media":0,"parent":0,"menu_order":0,"comment_status":"closed","ping_status":"closed","template":"","meta":{"_acf_changed":false,"footnotes":""},"class_list":["post-6023","page","type-page","status-publish","hentry"],"acf":[],"_links":{"self":[{"href":"https:\/\/tamanh.asia\/index.php?rest_route=\/wp\/v2\/pages\/6023","targetHints":{"allow":["GET"]}}],"collection":[{"href":"https:\/\/tamanh.asia\/index.php?rest_route=\/wp\/v2\/pages"}],"about":[{"href":"https:\/\/tamanh.asia\/index.php?rest_route=\/wp\/v2\/types\/page"}],"author":[{"embeddable":true,"href":"https:\/\/tamanh.asia\/index.php?rest_route=\/wp\/v2\/users\/1"}],"replies":[{"embeddable":true,"href":"https:\/\/tamanh.asia\/index.php?rest_route=%2Fwp%2Fv2%2Fcomments&post=6023"}],"version-history":[{"count":15,"href":"https:\/\/tamanh.asia\/index.php?rest_route=\/wp\/v2\/pages\/6023\/revisions"}],"predecessor-version":[{"id":6312,"href":"https:\/\/tamanh.asia\/index.php?rest_route=\/wp\/v2\/pages\/6023\/revisions\/6312"}],"wp:attachment":[{"href":"https:\/\/tamanh.asia\/index.php?rest_route=%2Fwp%2Fv2%2Fmedia&parent=6023"}],"curies":[{"name":"wp","href":"https:\/\/api.w.org\/{rel}","templated":true}]}}